{"id":66,"date":"2022-11-04T17:40:04","date_gmt":"2022-11-04T17:40:04","guid":{"rendered":"https:\/\/restauranteslapampa.com\/?page_id=66"},"modified":"2025-01-21T17:02:53","modified_gmt":"2025-01-21T17:02:53","slug":"nuestros-menus","status":"publish","type":"page","link":"https:\/\/restauranteslapampa.com\/index.php\/nuestros-menus\/","title":{"rendered":"Nuestros Men\u00fas"},"content":{"rendered":"\t\t<div data-elementor-type=\"wp-page\" data-elementor-id=\"66\" class=\"elementor elementor-66\" data-elementor-post-type=\"page\">\n\t\t\t\t\t\t<section class=\"elementor-section elementor-top-section elementor-element elementor-element-f8c642a elementor-section-full_width elementor-section-height-default elementor-section-height-default\" data-id=\"f8c642a\" data-element_type=\"section\">\n\t\t\t\t\t\t<div class=\"elementor-container elementor-column-gap-default\">\n\t\t\t\t\t<div class=\"elementor-column elementor-col-100 elementor-top-column elementor-element elementor-element-261d323\" data-id=\"261d323\" data-element_type=\"column\">\n\t\t\t<div class=\"elementor-widget-wrap elementor-element-populated\">\n\t\t\t\t\t\t<div class=\"elementor-element elementor-element-0d26934 elementor-widget elementor-widget-heading\" data-id=\"0d26934\" data-element_type=\"widget\" data-widget_type=\"heading.default\">\n\t\t\t\t<div class=\"elementor-widget-container\">\n\t\t\t\t\t<h2 class=\"elementor-heading-title elementor-size-default\">NUESTROS MEN\u00daS<\/h2>\t\t\t\t<\/div>\n\t\t\t\t<\/div>\n\t\t\t\t\t<\/div>\n\t\t<\/div>\n\t\t\t\t\t<\/div>\n\t\t<\/section>\n\t\t\t\t<section class=\"elementor-section elementor-top-section elementor-element elementor-element-f49c5d2 elementor-section-boxed elementor-section-height-default elementor-section-height-default\" data-id=\"f49c5d2\" data-element_type=\"section\">\n\t\t\t\t\t\t<div class=\"elementor-container elementor-column-gap-default\">\n\t\t\t\t\t<div class=\"elementor-column elementor-col-33 elementor-top-column elementor-element elementor-element-be5cc39\" data-id=\"be5cc39\" data-element_type=\"column\">\n\t\t\t<div class=\"elementor-widget-wrap elementor-element-populated\">\n\t\t\t\t\t\t<div class=\"elementor-element elementor-element-25d9ad9 elementor-widget elementor-widget-image\" data-id=\"25d9ad9\" data-element_type=\"widget\" data-widget_type=\"image.default\">\n\t\t\t\t<div class=\"elementor-widget-container\">\n\t\t\t\t\t\t\t\t\t\t\t\t\t\t\t<img fetchpriority=\"high\" decoding=\"async\" width=\"180\" height=\"300\" src=\"https:\/\/restauranteslapampa.com\/wp-content\/uploads\/2025\/01\/IMG_4881-180x300.jpg\" class=\"attachment-medium size-medium wp-image-3099\" alt=\"\" srcset=\"https:\/\/restauranteslapampa.com\/wp-content\/uploads\/2025\/01\/IMG_4881-180x300.jpg 180w, https:\/\/restauranteslapampa.com\/wp-content\/uploads\/2025\/01\/IMG_4881-613x1024.jpg 613w, https:\/\/restauranteslapampa.com\/wp-content\/uploads\/2025\/01\/IMG_4881-768x1282.jpg 768w, https:\/\/restauranteslapampa.com\/wp-content\/uploads\/2025\/01\/IMG_4881-920x1536.jpg 920w, https:\/\/restauranteslapampa.com\/wp-content\/uploads\/2025\/01\/IMG_4881-1226x2048.jpg 1226w, https:\/\/restauranteslapampa.com\/wp-content\/uploads\/2025\/01\/IMG_4881.jpg 1260w\" sizes=\"(max-width: 180px) 100vw, 180px\" \/>\t\t\t\t\t\t\t\t\t\t\t\t\t\t\t<\/div>\n\t\t\t\t<\/div>\n\t\t\t\t<div class=\"elementor-element elementor-element-f695e29 elementor-align-center elementor-widget elementor-widget-button\" data-id=\"f695e29\" data-element_type=\"widget\" data-widget_type=\"button.default\">\n\t\t\t\t<div class=\"elementor-widget-container\">\n\t\t\t\t\t\t\t\t\t<div class=\"elementor-button-wrapper\">\n\t\t\t\t\t<a class=\"elementor-button elementor-button-link elementor-size-sm\" href=\"https:\/\/drive.google.com\/file\/d\/1Wf7U90O4aQZYITmyXJTpTy53FewVFzOM\/view?usp=sharing\">\n\t\t\t\t\t\t<span class=\"elementor-button-content-wrapper\">\n\t\t\t\t\t\t\t\t\t<span class=\"elementor-button-text\">Ver m\u00e1s<\/span>\n\t\t\t\t\t<\/span>\n\t\t\t\t\t<\/a>\n\t\t\t\t<\/div>\n\t\t\t\t\t\t\t\t<\/div>\n\t\t\t\t<\/div>\n\t\t\t\t\t<\/div>\n\t\t<\/div>\n\t\t\t\t<div class=\"elementor-column elementor-col-33 elementor-top-column elementor-element elementor-element-5199e80\" data-id=\"5199e80\" data-element_type=\"column\">\n\t\t\t<div class=\"elementor-widget-wrap elementor-element-populated\">\n\t\t\t\t\t\t<div class=\"elementor-element elementor-element-ae5e877 elementor-widget elementor-widget-image\" data-id=\"ae5e877\" data-element_type=\"widget\" data-widget_type=\"image.default\">\n\t\t\t\t<div class=\"elementor-widget-container\">\n\t\t\t\t\t\t\t\t\t\t\t\t\t\t\t<img decoding=\"async\" width=\"182\" height=\"300\" src=\"https:\/\/restauranteslapampa.com\/wp-content\/uploads\/2025\/01\/IMG_4882-182x300.jpg\" class=\"attachment-medium size-medium wp-image-3098\" alt=\"\" srcset=\"https:\/\/restauranteslapampa.com\/wp-content\/uploads\/2025\/01\/IMG_4882-182x300.jpg 182w, https:\/\/restauranteslapampa.com\/wp-content\/uploads\/2025\/01\/IMG_4882-622x1024.jpg 622w, https:\/\/restauranteslapampa.com\/wp-content\/uploads\/2025\/01\/IMG_4882-768x1264.jpg 768w, https:\/\/restauranteslapampa.com\/wp-content\/uploads\/2025\/01\/IMG_4882-933x1536.jpg 933w, https:\/\/restauranteslapampa.com\/wp-content\/uploads\/2025\/01\/IMG_4882-1245x2048.jpg 1245w, https:\/\/restauranteslapampa.com\/wp-content\/uploads\/2025\/01\/IMG_4882.jpg 1250w\" sizes=\"(max-width: 182px) 100vw, 182px\" \/>\t\t\t\t\t\t\t\t\t\t\t\t\t\t\t<\/div>\n\t\t\t\t<\/div>\n\t\t\t\t<div class=\"elementor-element elementor-element-80c84c9 elementor-align-center elementor-widget elementor-widget-button\" data-id=\"80c84c9\" data-element_type=\"widget\" data-widget_type=\"button.default\">\n\t\t\t\t<div class=\"elementor-widget-container\">\n\t\t\t\t\t\t\t\t\t<div class=\"elementor-button-wrapper\">\n\t\t\t\t\t<a class=\"elementor-button elementor-button-link elementor-size-sm\" href=\"https:\/\/drive.google.com\/file\/d\/1udwJEWwbtYyrmHL4b5hJLSp72DBQIjcJ\/view?usp=sharing\">\n\t\t\t\t\t\t<span class=\"elementor-button-content-wrapper\">\n\t\t\t\t\t\t\t\t\t<span class=\"elementor-button-text\">Ver m\u00e1s<\/span>\n\t\t\t\t\t<\/span>\n\t\t\t\t\t<\/a>\n\t\t\t\t<\/div>\n\t\t\t\t\t\t\t\t<\/div>\n\t\t\t\t<\/div>\n\t\t\t\t\t<\/div>\n\t\t<\/div>\n\t\t\t\t<div class=\"elementor-column elementor-col-33 elementor-top-column elementor-element elementor-element-bc81739\" data-id=\"bc81739\" data-element_type=\"column\">\n\t\t\t<div class=\"elementor-widget-wrap elementor-element-populated\">\n\t\t\t\t\t\t<div class=\"elementor-element elementor-element-373dfe8 elementor-widget elementor-widget-image\" data-id=\"373dfe8\" data-element_type=\"widget\" data-widget_type=\"image.default\">\n\t\t\t\t<div class=\"elementor-widget-container\">\n\t\t\t\t\t\t\t\t\t\t\t\t\t\t\t<img decoding=\"async\" width=\"194\" height=\"300\" src=\"https:\/\/restauranteslapampa.com\/wp-content\/uploads\/2025\/01\/IMG_4880-194x300.jpg\" class=\"attachment-medium size-medium wp-image-3100\" alt=\"\" srcset=\"https:\/\/restauranteslapampa.com\/wp-content\/uploads\/2025\/01\/IMG_4880-194x300.jpg 194w, https:\/\/restauranteslapampa.com\/wp-content\/uploads\/2025\/01\/IMG_4880-664x1024.jpg 664w, https:\/\/restauranteslapampa.com\/wp-content\/uploads\/2025\/01\/IMG_4880-768x1185.jpg 768w, https:\/\/restauranteslapampa.com\/wp-content\/uploads\/2025\/01\/IMG_4880-996x1536.jpg 996w, https:\/\/restauranteslapampa.com\/wp-content\/uploads\/2025\/01\/IMG_4880.jpg 1244w\" sizes=\"(max-width: 194px) 100vw, 194px\" \/>\t\t\t\t\t\t\t\t\t\t\t\t\t\t\t<\/div>\n\t\t\t\t<\/div>\n\t\t\t\t<div class=\"elementor-element elementor-element-244f9c8 elementor-align-center elementor-widget elementor-widget-button\" data-id=\"244f9c8\" data-element_type=\"widget\" data-widget_type=\"button.default\">\n\t\t\t\t<div class=\"elementor-widget-container\">\n\t\t\t\t\t\t\t\t\t<div class=\"elementor-button-wrapper\">\n\t\t\t\t\t<a class=\"elementor-button elementor-button-link elementor-size-sm\" href=\"https:\/\/drive.google.com\/file\/d\/16_TIq1uf-i2F-W_C0cwud-t3S7oTkWM6\/view?usp=sharing\">\n\t\t\t\t\t\t<span class=\"elementor-button-content-wrapper\">\n\t\t\t\t\t\t\t\t\t<span class=\"elementor-button-text\">Ver m\u00e1s<\/span>\n\t\t\t\t\t<\/span>\n\t\t\t\t\t<\/a>\n\t\t\t\t<\/div>\n\t\t\t\t\t\t\t\t<\/div>\n\t\t\t\t<\/div>\n\t\t\t\t\t<\/div>\n\t\t<\/div>\n\t\t\t\t\t<\/div>\n\t\t<\/section>\n\t\t\t\t<section class=\"elementor-section elementor-top-section elementor-element elementor-element-28edd62 elementor-section-boxed elementor-section-height-default elementor-section-height-default\" data-id=\"28edd62\" data-element_type=\"section\">\n\t\t\t\t\t\t<div class=\"elementor-container elementor-column-gap-default\">\n\t\t\t\t\t<div class=\"elementor-column elementor-col-33 elementor-top-column elementor-element elementor-element-45513d4\" data-id=\"45513d4\" data-element_type=\"column\">\n\t\t\t<div class=\"elementor-widget-wrap elementor-element-populated\">\n\t\t\t\t\t\t<div class=\"elementor-element elementor-element-ff9aa27 elementor-widget elementor-widget-image\" data-id=\"ff9aa27\" data-element_type=\"widget\" data-widget_type=\"image.default\">\n\t\t\t\t<div class=\"elementor-widget-container\">\n\t\t\t\t\t\t\t\t\t\t\t\t\t\t\t<img loading=\"lazy\" decoding=\"async\" width=\"194\" height=\"300\" src=\"https:\/\/restauranteslapampa.com\/wp-content\/uploads\/2025\/01\/IMG_4883-194x300.jpg\" class=\"attachment-medium size-medium wp-image-3101\" alt=\"\" srcset=\"https:\/\/restauranteslapampa.com\/wp-content\/uploads\/2025\/01\/IMG_4883-194x300.jpg 194w, https:\/\/restauranteslapampa.com\/wp-content\/uploads\/2025\/01\/IMG_4883-661x1024.jpg 661w, https:\/\/restauranteslapampa.com\/wp-content\/uploads\/2025\/01\/IMG_4883-768x1191.jpg 768w, https:\/\/restauranteslapampa.com\/wp-content\/uploads\/2025\/01\/IMG_4883-991x1536.jpg 991w, https:\/\/restauranteslapampa.com\/wp-content\/uploads\/2025\/01\/IMG_4883.jpg 1232w\" sizes=\"(max-width: 194px) 100vw, 194px\" \/>\t\t\t\t\t\t\t\t\t\t\t\t\t\t\t<\/div>\n\t\t\t\t<\/div>\n\t\t\t\t<div class=\"elementor-element elementor-element-1717689 elementor-align-center elementor-widget elementor-widget-button\" data-id=\"1717689\" data-element_type=\"widget\" data-widget_type=\"button.default\">\n\t\t\t\t<div class=\"elementor-widget-container\">\n\t\t\t\t\t\t\t\t\t<div class=\"elementor-button-wrapper\">\n\t\t\t\t\t<a class=\"elementor-button elementor-button-link elementor-size-sm\" href=\"https:\/\/drive.google.com\/file\/d\/105gzO3GXtsGuOuKxmv8Dv9gCq5fnUPTA\/view?usp=sharing\">\n\t\t\t\t\t\t<span class=\"elementor-button-content-wrapper\">\n\t\t\t\t\t\t\t\t\t<span class=\"elementor-button-text\">Ver m\u00e1s<\/span>\n\t\t\t\t\t<\/span>\n\t\t\t\t\t<\/a>\n\t\t\t\t<\/div>\n\t\t\t\t\t\t\t\t<\/div>\n\t\t\t\t<\/div>\n\t\t\t\t\t<\/div>\n\t\t<\/div>\n\t\t\t\t<div class=\"elementor-column elementor-col-33 elementor-top-column elementor-element elementor-element-7605079\" data-id=\"7605079\" data-element_type=\"column\">\n\t\t\t<div class=\"elementor-widget-wrap elementor-element-populated\">\n\t\t\t\t\t\t<div class=\"elementor-element elementor-element-a59dee8 elementor-widget elementor-widget-image\" data-id=\"a59dee8\" data-element_type=\"widget\" data-widget_type=\"image.default\">\n\t\t\t\t<div class=\"elementor-widget-container\">\n\t\t\t\t\t\t\t\t\t\t\t\t\t\t\t<img loading=\"lazy\" decoding=\"async\" width=\"194\" height=\"300\" src=\"https:\/\/restauranteslapampa.com\/wp-content\/uploads\/2025\/01\/IMG_4885-194x300.jpg\" class=\"attachment-medium size-medium wp-image-3102\" alt=\"\" srcset=\"https:\/\/restauranteslapampa.com\/wp-content\/uploads\/2025\/01\/IMG_4885-194x300.jpg 194w, https:\/\/restauranteslapampa.com\/wp-content\/uploads\/2025\/01\/IMG_4885-664x1024.jpg 664w, https:\/\/restauranteslapampa.com\/wp-content\/uploads\/2025\/01\/IMG_4885-768x1185.jpg 768w, https:\/\/restauranteslapampa.com\/wp-content\/uploads\/2025\/01\/IMG_4885-996x1536.jpg 996w, https:\/\/restauranteslapampa.com\/wp-content\/uploads\/2025\/01\/IMG_4885.jpg 1262w\" sizes=\"(max-width: 194px) 100vw, 194px\" \/>\t\t\t\t\t\t\t\t\t\t\t\t\t\t\t<\/div>\n\t\t\t\t<\/div>\n\t\t\t\t<div class=\"elementor-element elementor-element-6abc55d elementor-align-center elementor-widget elementor-widget-button\" data-id=\"6abc55d\" data-element_type=\"widget\" data-widget_type=\"button.default\">\n\t\t\t\t<div class=\"elementor-widget-container\">\n\t\t\t\t\t\t\t\t\t<div class=\"elementor-button-wrapper\">\n\t\t\t\t\t<a class=\"elementor-button elementor-button-link elementor-size-sm\" href=\"https:\/\/restauranteslapampa.com\/index.php\/menu-infantil\/\">\n\t\t\t\t\t\t<span class=\"elementor-button-content-wrapper\">\n\t\t\t\t\t\t\t\t\t<span class=\"elementor-button-text\">Ver m\u00e1s<\/span>\n\t\t\t\t\t<\/span>\n\t\t\t\t\t<\/a>\n\t\t\t\t<\/div>\n\t\t\t\t\t\t\t\t<\/div>\n\t\t\t\t<\/div>\n\t\t\t\t\t<\/div>\n\t\t<\/div>\n\t\t\t\t<div class=\"elementor-column elementor-col-33 elementor-top-column elementor-element elementor-element-572a4ed\" data-id=\"572a4ed\" data-element_type=\"column\">\n\t\t\t<div class=\"elementor-widget-wrap elementor-element-populated\">\n\t\t\t\t\t\t<div class=\"elementor-element elementor-element-b48789d elementor-widget elementor-widget-image\" data-id=\"b48789d\" data-element_type=\"widget\" data-widget_type=\"image.default\">\n\t\t\t\t<div class=\"elementor-widget-container\">\n\t\t\t\t\t\t\t\t\t\t\t\t\t\t\t<img loading=\"lazy\" decoding=\"async\" width=\"190\" height=\"300\" src=\"https:\/\/restauranteslapampa.com\/wp-content\/uploads\/2025\/01\/IMG_4884-190x300.jpg\" class=\"attachment-medium size-medium wp-image-3103\" alt=\"\" srcset=\"https:\/\/restauranteslapampa.com\/wp-content\/uploads\/2025\/01\/IMG_4884-190x300.jpg 190w, https:\/\/restauranteslapampa.com\/wp-content\/uploads\/2025\/01\/IMG_4884-648x1024.jpg 648w, https:\/\/restauranteslapampa.com\/wp-content\/uploads\/2025\/01\/IMG_4884-768x1214.jpg 768w, https:\/\/restauranteslapampa.com\/wp-content\/uploads\/2025\/01\/IMG_4884-972x1536.jpg 972w, https:\/\/restauranteslapampa.com\/wp-content\/uploads\/2025\/01\/IMG_4884.jpg 1246w\" sizes=\"(max-width: 190px) 100vw, 190px\" \/>\t\t\t\t\t\t\t\t\t\t\t\t\t\t\t<\/div>\n\t\t\t\t<\/div>\n\t\t\t\t<div class=\"elementor-element elementor-element-c425177 elementor-align-center elementor-widget elementor-widget-button\" data-id=\"c425177\" data-element_type=\"widget\" data-widget_type=\"button.default\">\n\t\t\t\t<div class=\"elementor-widget-container\">\n\t\t\t\t\t\t\t\t\t<div class=\"elementor-button-wrapper\">\n\t\t\t\t\t<a class=\"elementor-button elementor-button-link elementor-size-sm\" href=\"https:\/\/restauranteslapampa.com\/index.php\/menu-infantil\/\">\n\t\t\t\t\t\t<span class=\"elementor-button-content-wrapper\">\n\t\t\t\t\t\t\t\t\t<span class=\"elementor-button-text\">Ver m\u00e1s<\/span>\n\t\t\t\t\t<\/span>\n\t\t\t\t\t<\/a>\n\t\t\t\t<\/div>\n\t\t\t\t\t\t\t\t<\/div>\n\t\t\t\t<\/div>\n\t\t\t\t\t<\/div>\n\t\t<\/div>\n\t\t\t\t\t<\/div>\n\t\t<\/section>\n\t\t\t\t<\/div>\n\t\t","protected":false},"excerpt":{"rendered":"<p>NUESTROS MEN\u00daS Ver m\u00e1s Ver m\u00e1s Ver m\u00e1s Ver m\u00e1s [&hellip;]<\/p>\n","protected":false},"author":2,"featured_media":0,"parent":0,"menu_order":0,"comment_status":"closed","ping_status":"closed","template":"","meta":{"footnotes":""},"class_list":["post-66","page","type-page","status-publish","hentry"],"_links":{"self":[{"href":"https:\/\/restauranteslapampa.com\/index.php\/wp-json\/wp\/v2\/pages\/66","targetHints":{"allow":["GET"]}}],"collection":[{"href":"https:\/\/restauranteslapampa.com\/index.php\/wp-json\/wp\/v2\/pages"}],"about":[{"href":"https:\/\/restauranteslapampa.com\/index.php\/wp-json\/wp\/v2\/types\/page"}],"author":[{"embeddable":true,"href":"https:\/\/restauranteslapampa.com\/index.php\/wp-json\/wp\/v2\/users\/2"}],"replies":[{"embeddable":true,"href":"https:\/\/restauranteslapampa.com\/index.php\/wp-json\/wp\/v2\/comments?post=66"}],"version-history":[{"count":70,"href":"https:\/\/restauranteslapampa.com\/index.php\/wp-json\/wp\/v2\/pages\/66\/revisions"}],"predecessor-version":[{"id":3114,"href":"https:\/\/restauranteslapampa.com\/index.php\/wp-json\/wp\/v2\/pages\/66\/revisions\/3114"}],"wp:attachment":[{"href":"https:\/\/restauranteslapampa.com\/index.php\/wp-json\/wp\/v2\/media?parent=66"}],"curies":[{"name":"wp","href":"https:\/\/api.w.org\/{rel}","templated":true}]}}