{"id":3516,"date":"2026-02-02T15:07:24","date_gmt":"2026-02-02T15:07:24","guid":{"rendered":"https:\/\/restauranteslapampa.com\/?page_id=3516"},"modified":"2026-02-02T15:09:01","modified_gmt":"2026-02-02T15:09:01","slug":"elementor-pagina-3516","status":"publish","type":"page","link":"https:\/\/restauranteslapampa.com\/index.php\/elementor-pagina-3516\/","title":{"rendered":"Elementor P\u00e1gina #3516"},"content":{"rendered":"\t\t<div data-elementor-type=\"wp-page\" data-elementor-id=\"3516\" class=\"elementor elementor-3516\" data-elementor-post-type=\"page\">\n\t\t\t\t\t\t<section class=\"elementor-section elementor-top-section elementor-element elementor-element-95b471a elementor-section-boxed elementor-section-height-default elementor-section-height-default\" data-id=\"95b471a\" data-element_type=\"section\">\n\t\t\t\t\t\t<div class=\"elementor-container elementor-column-gap-default\">\n\t\t\t\t\t<div class=\"elementor-column elementor-col-100 elementor-top-column elementor-element elementor-element-2da50fc\" data-id=\"2da50fc\" data-element_type=\"column\">\n\t\t\t<div class=\"elementor-widget-wrap elementor-element-populated\">\n\t\t\t\t\t\t<div class=\"elementor-element elementor-element-2431fb8 elementor-widget elementor-widget-heading\" data-id=\"2431fb8\" data-element_type=\"widget\" data-widget_type=\"heading.default\">\n\t\t\t\t<div class=\"elementor-widget-container\">\n\t\t\t\t\t<h2 class=\"elementor-heading-title elementor-size-default\">MILLENNIUM SKYDECK<\/h2>\t\t\t\t<\/div>\n\t\t\t\t<\/div>\n\t\t\t\t\t<\/div>\n\t\t<\/div>\n\t\t\t\t\t<\/div>\n\t\t<\/section>\n\t\t\t\t<section class=\"elementor-section elementor-top-section elementor-element elementor-element-ef17300 elementor-section-boxed elementor-section-height-default elementor-section-height-default\" data-id=\"ef17300\" data-element_type=\"section\">\n\t\t\t\t\t\t<div class=\"elementor-container elementor-column-gap-default\">\n\t\t\t\t\t<div class=\"elementor-column elementor-col-100 elementor-top-column elementor-element elementor-element-c92ea5c\" data-id=\"c92ea5c\" data-element_type=\"column\">\n\t\t\t<div class=\"elementor-widget-wrap elementor-element-populated\">\n\t\t\t\t\t\t<div class=\"elementor-element elementor-element-7fddf03 elementor-arrows-position-inside elementor-pagination-position-outside elementor-widget elementor-widget-image-carousel\" data-id=\"7fddf03\" data-element_type=\"widget\" data-settings=\"{&quot;slides_to_show&quot;:&quot;1&quot;,&quot;navigation&quot;:&quot;both&quot;,&quot;autoplay&quot;:&quot;yes&quot;,&quot;pause_on_hover&quot;:&quot;yes&quot;,&quot;pause_on_interaction&quot;:&quot;yes&quot;,&quot;autoplay_speed&quot;:5000,&quot;infinite&quot;:&quot;yes&quot;,&quot;effect&quot;:&quot;slide&quot;,&quot;speed&quot;:500}\" data-widget_type=\"image-carousel.default\">\n\t\t\t\t<div class=\"elementor-widget-container\">\n\t\t\t\t\t\t\t<div class=\"elementor-image-carousel-wrapper swiper\" role=\"region\" aria-roledescription=\"carousel\" aria-label=\"Carrusel de im\u00e1genes\" dir=\"ltr\">\n\t\t\t<div class=\"elementor-image-carousel swiper-wrapper\" aria-live=\"off\">\n\t\t\t\t\t\t\t\t<div class=\"swiper-slide\" role=\"group\" aria-roledescription=\"slide\" aria-label=\"1 de 3\"><figure class=\"swiper-slide-inner\"><img decoding=\"async\" class=\"swiper-slide-image\" src=\"https:\/\/restauranteslapampa.com\/wp-content\/uploads\/2026\/02\/Captura-de-pantalla-2026-02-02-090202-1536x861.png\" alt=\"Captura de pantalla 2026-02-02 090202\" \/><\/figure><\/div><div class=\"swiper-slide\" role=\"group\" aria-roledescription=\"slide\" aria-label=\"2 de 3\"><figure class=\"swiper-slide-inner\"><img decoding=\"async\" class=\"swiper-slide-image\" src=\"https:\/\/restauranteslapampa.com\/wp-content\/uploads\/2026\/02\/Captura-de-pantalla-2026-02-02-090219-1536x864.png\" alt=\"Captura de pantalla 2026-02-02 090219\" \/><\/figure><\/div><div class=\"swiper-slide\" role=\"group\" aria-roledescription=\"slide\" aria-label=\"3 de 3\"><figure class=\"swiper-slide-inner\"><img decoding=\"async\" class=\"swiper-slide-image\" src=\"https:\/\/restauranteslapampa.com\/wp-content\/uploads\/2026\/02\/Captura-de-pantalla-2026-02-02-090234-1536x861.png\" alt=\"Captura de pantalla 2026-02-02 090234\" \/><\/figure><\/div>\t\t\t<\/div>\n\t\t\t\t\t\t\t\t\t\t\t\t<div class=\"elementor-swiper-button elementor-swiper-button-prev\" role=\"button\" tabindex=\"0\">\n\t\t\t\t\t\t<i aria-hidden=\"true\" class=\"eicon-chevron-left\"><\/i>\t\t\t\t\t<\/div>\n\t\t\t\t\t<div class=\"elementor-swiper-button elementor-swiper-button-next\" role=\"button\" tabindex=\"0\">\n\t\t\t\t\t\t<i aria-hidden=\"true\" class=\"eicon-chevron-right\"><\/i>\t\t\t\t\t<\/div>\n\t\t\t\t\n\t\t\t\t\t\t\t\t\t<div class=\"swiper-pagination\"><\/div>\n\t\t\t\t\t\t\t\t\t<\/div>\n\t\t\t\t\t\t<\/div>\n\t\t\t\t<\/div>\n\t\t\t\t\t<\/div>\n\t\t<\/div>\n\t\t\t\t\t<\/div>\n\t\t<\/section>\n\t\t\t\t<section class=\"elementor-section elementor-top-section elementor-element elementor-element-c3e2539 elementor-section-boxed elementor-section-height-default elementor-section-height-default\" data-id=\"c3e2539\" data-element_type=\"section\">\n\t\t\t\t\t\t<div class=\"elementor-container elementor-column-gap-default\">\n\t\t\t\t\t<div class=\"elementor-column elementor-col-50 elementor-top-column elementor-element elementor-element-92715a0\" data-id=\"92715a0\" data-element_type=\"column\">\n\t\t\t<div class=\"elementor-widget-wrap elementor-element-populated\">\n\t\t\t\t\t\t<div class=\"elementor-element elementor-element-2084734 elementor-widget elementor-widget-heading\" data-id=\"2084734\" data-element_type=\"widget\" data-widget_type=\"heading.default\">\n\t\t\t\t<div class=\"elementor-widget-container\">\n\t\t\t\t\t<h2 class=\"elementor-heading-title elementor-size-default\"><h2 data-elementor-setting-key=\"title\" data-pen-placeholder=\"Teclea aqu\u00ed...\" style=\"font-weight: 600;text-transform: none;font-style: normal;font-family: Montserrat;text-align: center\">\u00a1VIS\u00cdTANOS!<span style=\"font-family: Lato, sans-serif;font-size: 2.5rem;font-style: inherit;text-transform: inherit\"><\/span><\/h2><\/h2>\t\t\t\t<\/div>\n\t\t\t\t<\/div>\n\t\t\t\t<div class=\"elementor-element elementor-element-db3c935 elementor-widget elementor-widget-text-editor\" data-id=\"db3c935\" data-element_type=\"widget\" data-widget_type=\"text-editor.default\">\n\t\t\t\t<div class=\"elementor-widget-container\">\n\t\t\t\t\t\t\t\t\t<p style=\"text-align: center;\"><span style=\"font-weight: bolder; color: #34271f; font-size: 17px; text-align: center;\">Ubicaci\u00f3n:<\/span><span style=\"color: #34271f; font-size: 17px; text-align: center;\">&nbsp;Paseo General Escal\u00f3n #3675, San Salvador, El Salvador.<\/span><br style=\"color: #34271f; font-size: 17px; text-align: center;\"><span style=\"font-weight: bolder; color: #34271f; font-size: 17px; text-align: center;\">Tel\u00e9fono\/<\/span><span style=\"color: #34271f; font-size: 17px; font-weight: bold; text-transform: inherit;\">WhatsApp<\/span><span style=\"text-transform: inherit; font-weight: bolder; color: #34271f; font-size: 17px;\">:<\/span><span style=\"text-transform: inherit; color: #34271f; font-size: 17px;\">&nbsp;6978-5699<\/span><\/p>\n<p style=\"text-align: center;\"><span style=\"text-transform: inherit; color: #34271f; font-size: 17px;\"><b>Correo:<\/b>&nbsp; &nbsp; &nbsp;<\/span>lapampa.reservaciones@gmail.com<\/p>\t\t\t\t\t\t\t\t<\/div>\n\t\t\t\t<\/div>\n\t\t\t\t\t<\/div>\n\t\t<\/div>\n\t\t\t\t<div class=\"elementor-column elementor-col-50 elementor-top-column elementor-element elementor-element-e03a047\" data-id=\"e03a047\" data-element_type=\"column\">\n\t\t\t<div class=\"elementor-widget-wrap elementor-element-populated\">\n\t\t\t\t\t\t<div class=\"elementor-element elementor-element-de94c68 elementor-widget elementor-widget-google_maps\" data-id=\"de94c68\" data-element_type=\"widget\" data-widget_type=\"google_maps.default\">\n\t\t\t\t<div class=\"elementor-widget-container\">\n\t\t\t\t\t\t\t<div class=\"elementor-custom-embed\">\n\t\t\t<iframe loading=\"lazy\"\n\t\t\t\t\tsrc=\"https:\/\/maps.google.com\/maps?q=Paseo%20General%20Escal%C3%B3n%20%233675&#038;t=m&#038;z=10&#038;output=embed&#038;iwloc=near\"\n\t\t\t\t\ttitle=\"Paseo General Escal\u00f3n #3675\"\n\t\t\t\t\taria-label=\"Paseo General Escal\u00f3n #3675\"\n\t\t\t><\/iframe>\n\t\t<\/div>\n\t\t\t\t\t\t<\/div>\n\t\t\t\t<\/div>\n\t\t\t\t\t<\/div>\n\t\t<\/div>\n\t\t\t\t\t<\/div>\n\t\t<\/section>\n\t\t\t\t<\/div>\n\t\t","protected":false},"excerpt":{"rendered":"<p>MILLENNIUM SKYDECK \u00a1VIS\u00cdTANOS! Ubicaci\u00f3n:&nbsp;Paseo General Escal\u00f3n #3675, San Salvador, El [&hellip;]<\/p>\n","protected":false},"author":3,"featured_media":0,"parent":0,"menu_order":0,"comment_status":"closed","ping_status":"closed","template":"","meta":{"footnotes":""},"class_list":["post-3516","page","type-page","status-publish","hentry"],"_links":{"self":[{"href":"https:\/\/restauranteslapampa.com\/index.php\/wp-json\/wp\/v2\/pages\/3516","targetHints":{"allow":["GET"]}}],"collection":[{"href":"https:\/\/restauranteslapampa.com\/index.php\/wp-json\/wp\/v2\/pages"}],"about":[{"href":"https:\/\/restauranteslapampa.com\/index.php\/wp-json\/wp\/v2\/types\/page"}],"author":[{"embeddable":true,"href":"https:\/\/restauranteslapampa.com\/index.php\/wp-json\/wp\/v2\/users\/3"}],"replies":[{"embeddable":true,"href":"https:\/\/restauranteslapampa.com\/index.php\/wp-json\/wp\/v2\/comments?post=3516"}],"version-history":[{"count":4,"href":"https:\/\/restauranteslapampa.com\/index.php\/wp-json\/wp\/v2\/pages\/3516\/revisions"}],"predecessor-version":[{"id":3529,"href":"https:\/\/restauranteslapampa.com\/index.php\/wp-json\/wp\/v2\/pages\/3516\/revisions\/3529"}],"wp:attachment":[{"href":"https:\/\/restauranteslapampa.com\/index.php\/wp-json\/wp\/v2\/media?parent=3516"}],"curies":[{"name":"wp","href":"https:\/\/api.w.org\/{rel}","templated":true}]}}