{"id":2572,"date":"2024-11-27T00:04:57","date_gmt":"2024-11-27T00:04:57","guid":{"rendered":"https:\/\/restauranteslapampa.com\/?page_id=2572"},"modified":"2025-01-20T21:34:21","modified_gmt":"2025-01-20T21:34:21","slug":"quienes-somos","status":"publish","type":"page","link":"https:\/\/restauranteslapampa.com\/index.php\/quienes-somos\/","title":{"rendered":"QUIENES SOMOS"},"content":{"rendered":"\t\t<div data-elementor-type=\"wp-page\" data-elementor-id=\"2572\" class=\"elementor elementor-2572\" data-elementor-post-type=\"page\">\n\t\t\t\t\t\t<section class=\"elementor-section elementor-top-section elementor-element elementor-element-f2731c5 elementor-section-boxed elementor-section-height-default elementor-section-height-default\" data-id=\"f2731c5\" data-element_type=\"section\" data-settings=\"{&quot;background_background&quot;:&quot;classic&quot;}\">\n\t\t\t\t\t\t<div class=\"elementor-container elementor-column-gap-default\">\n\t\t\t\t\t<div class=\"elementor-column elementor-col-100 elementor-top-column elementor-element elementor-element-f7214b6\" data-id=\"f7214b6\" data-element_type=\"column\">\n\t\t\t<div class=\"elementor-widget-wrap elementor-element-populated\">\n\t\t\t\t\t\t<div class=\"elementor-element elementor-element-d3348c1 elementor-widget elementor-widget-image\" data-id=\"d3348c1\" data-element_type=\"widget\" data-widget_type=\"image.default\">\n\t\t\t\t<div class=\"elementor-widget-container\">\n\t\t\t\t\t\t\t\t\t\t\t\t\t\t\t<img fetchpriority=\"high\" decoding=\"async\" width=\"768\" height=\"768\" src=\"https:\/\/restauranteslapampa.com\/wp-content\/uploads\/2025\/01\/LOGO-ANTIGUO-1-768x768.jpg\" class=\"attachment-medium_large size-medium_large wp-image-2958\" alt=\"\" srcset=\"https:\/\/restauranteslapampa.com\/wp-content\/uploads\/2025\/01\/LOGO-ANTIGUO-1-768x768.jpg 768w, https:\/\/restauranteslapampa.com\/wp-content\/uploads\/2025\/01\/LOGO-ANTIGUO-1-300x300.jpg 300w, https:\/\/restauranteslapampa.com\/wp-content\/uploads\/2025\/01\/LOGO-ANTIGUO-1-1024x1024.jpg 1024w, https:\/\/restauranteslapampa.com\/wp-content\/uploads\/2025\/01\/LOGO-ANTIGUO-1-150x150.jpg 150w, https:\/\/restauranteslapampa.com\/wp-content\/uploads\/2025\/01\/LOGO-ANTIGUO-1.jpg 1080w\" sizes=\"(max-width: 768px) 100vw, 768px\" \/>\t\t\t\t\t\t\t\t\t\t\t\t\t\t\t<\/div>\n\t\t\t\t<\/div>\n\t\t\t\t\t<\/div>\n\t\t<\/div>\n\t\t\t\t\t<\/div>\n\t\t<\/section>\n\t\t\t\t<section class=\"elementor-section elementor-top-section elementor-element elementor-element-d2b8817 elementor-section-boxed elementor-section-height-default elementor-section-height-default\" data-id=\"d2b8817\" data-element_type=\"section\" data-settings=\"{&quot;background_background&quot;:&quot;classic&quot;}\">\n\t\t\t\t\t\t<div class=\"elementor-container elementor-column-gap-default\">\n\t\t\t\t\t<div class=\"elementor-column elementor-col-100 elementor-top-column elementor-element elementor-element-37cb4d9\" data-id=\"37cb4d9\" data-element_type=\"column\">\n\t\t\t<div class=\"elementor-widget-wrap elementor-element-populated\">\n\t\t\t\t\t\t<div class=\"elementor-element elementor-element-bd0f6ce elementor-widget__width-inherit elementor-widget elementor-widget-text-editor\" data-id=\"bd0f6ce\" data-element_type=\"widget\" data-widget_type=\"text-editor.default\">\n\t\t\t\t<div class=\"elementor-widget-container\">\n\t\t\t\t\t\t\t\t\t<p style=\"text-align: center;\">Desde <b>1987<\/b>, <b>La Pampa<\/b> ha sido sin\u00f3nimo de excelencia culinaria en El Salvador. Lo que comenz\u00f3 como un sue\u00f1o de nuestro fundador, <b>Jos\u00e9 Antonio Tavarone<\/b>, se ha convertido en un \u00edcono de la gastronom\u00eda nacional, uniendo a generaciones a trav\u00e9s del amor por los sabores aut\u00e9nticos de la parrilla. \u00ab<b>Nuestra misi\u00f3n\u00bb<\/b> siempre ha sido clara: ofrecer una experiencia gastron\u00f3mica \u00fanica que combine calidad, tradici\u00f3n y un ambiente c\u00e1lido que invite a compartir <b>momentos inolvidables.<\/b><\/p>\t\t\t\t\t\t\t\t<\/div>\n\t\t\t\t<\/div>\n\t\t\t\t<div class=\"elementor-element elementor-element-57ef526 elementor-widget-divider--view-line elementor-widget elementor-widget-divider\" data-id=\"57ef526\" data-element_type=\"widget\" data-widget_type=\"divider.default\">\n\t\t\t\t<div class=\"elementor-widget-container\">\n\t\t\t\t\t\t\t<div class=\"elementor-divider\">\n\t\t\t<span class=\"elementor-divider-separator\">\n\t\t\t\t\t\t<\/span>\n\t\t<\/div>\n\t\t\t\t\t\t<\/div>\n\t\t\t\t<\/div>\n\t\t\t\t\t<\/div>\n\t\t<\/div>\n\t\t\t\t\t<\/div>\n\t\t<\/section>\n\t\t\t\t<section class=\"elementor-section elementor-top-section elementor-element elementor-element-c0e5ba6 elementor-section-full_width elementor-section-height-default elementor-section-height-default\" data-id=\"c0e5ba6\" data-element_type=\"section\" data-settings=\"{&quot;background_background&quot;:&quot;classic&quot;}\">\n\t\t\t\t\t\t\t<div class=\"elementor-background-overlay\"><\/div>\n\t\t\t\t\t\t\t<div class=\"elementor-container elementor-column-gap-default\">\n\t\t\t\t\t<div class=\"elementor-column elementor-col-50 elementor-top-column elementor-element elementor-element-1168147\" data-id=\"1168147\" data-element_type=\"column\">\n\t\t\t<div class=\"elementor-widget-wrap elementor-element-populated\">\n\t\t\t\t\t\t<div class=\"elementor-element elementor-element-8ca3130 elementor-widget elementor-widget-video\" data-id=\"8ca3130\" data-element_type=\"widget\" data-settings=\"{&quot;video_type&quot;:&quot;hosted&quot;,&quot;autoplay&quot;:&quot;yes&quot;,&quot;play_on_mobile&quot;:&quot;yes&quot;,&quot;mute&quot;:&quot;yes&quot;,&quot;controls&quot;:&quot;yes&quot;}\" data-widget_type=\"video.default\">\n\t\t\t\t<div class=\"elementor-widget-container\">\n\t\t\t\t\t\t\t<div class=\"e-hosted-video elementor-wrapper elementor-open-inline\">\n\t\t\t\t\t<video class=\"elementor-video\" src=\"http:\/\/restauranteslapampa.com\/wp-content\/uploads\/2025\/01\/Video-de-WhatsApp-2025-01-16-a-las-08.39.16_dbfa13ad.mp4\" autoplay=\"\" controls=\"\" muted=\"muted\" playsinline=\"\" controlsList=\"nodownload\"><\/video>\n\t\t\t\t<\/div>\n\t\t\t\t\t\t<\/div>\n\t\t\t\t<\/div>\n\t\t\t\t\t<\/div>\n\t\t<\/div>\n\t\t\t\t<div class=\"elementor-column elementor-col-50 elementor-top-column elementor-element elementor-element-66f43f4\" data-id=\"66f43f4\" data-element_type=\"column\">\n\t\t\t<div class=\"elementor-widget-wrap elementor-element-populated\">\n\t\t\t\t\t\t<div class=\"elementor-element elementor-element-9ea1f42 elementor-widget-tablet__width-initial elementor-widget elementor-widget-text-editor\" data-id=\"9ea1f42\" data-element_type=\"widget\" data-widget_type=\"text-editor.default\">\n\t\t\t\t<div class=\"elementor-widget-container\">\n\t\t\t\t\t\t\t\t\t<p><strong>\u00a0<\/strong><\/p><p>\u00a0<\/p><p><strong>Nuestra Oferta Gastron\u00f3mica<\/strong><\/p><p>Adem\u00e1s, entendemos la importancia de adaptarnos a las necesidades de nuestros clientes, por eso ofrecemos servicios adicionales como:<\/p><ul><li><strong>\u00a0Catering:<\/strong> Llevamos la experiencia de La Pampa a tus eventos, asegurando que cada detalle refleje nuestra calidad y sabor.<\/li><li><strong style=\"letter-spacing: 0px; font-style: inherit; text-transform: inherit;\">Franquicias:<\/strong><span style=\"letter-spacing: 0px; font-style: inherit; text-transform: inherit;\"> Ampliamos nuestra pasi\u00f3n a nuevos territorios, compartiendo nuestra visi\u00f3n y tradici\u00f3n con m\u00e1s personas.<\/span><\/li><li><strong>Eventos especiales:<\/strong> Creamos momentos inolvidables en nuestros espacios, con atenci\u00f3n personalizada y detalles que marcan la diferencia.<\/li><\/ul><p>En <strong>La Pampa<\/strong>, creemos que cada plato cuenta una historia. Nuestro men\u00fa est\u00e1 dise\u00f1ado para satisfacer todos los gustos, desde jugosas carnes y mariscos a la parrilla hasta desayunos especiales, postres irresistibles y una selecta carta de vinos cuidadosamente curada para complementar <strong>cada comida.<\/strong><\/p>\t\t\t\t\t\t\t\t<\/div>\n\t\t\t\t<\/div>\n\t\t\t\t\t<\/div>\n\t\t<\/div>\n\t\t\t\t\t<\/div>\n\t\t<\/section>\n\t\t\t\t<section class=\"elementor-section elementor-top-section elementor-element elementor-element-1bd7a59 elementor-section-full_width elementor-section-height-default elementor-section-height-default\" data-id=\"1bd7a59\" data-element_type=\"section\" data-settings=\"{&quot;background_background&quot;:&quot;classic&quot;}\">\n\t\t\t\t\t\t<div class=\"elementor-container elementor-column-gap-default\">\n\t\t\t\t\t<div class=\"elementor-column elementor-col-50 elementor-top-column elementor-element elementor-element-314c123\" data-id=\"314c123\" data-element_type=\"column\">\n\t\t\t<div class=\"elementor-widget-wrap elementor-element-populated\">\n\t\t\t\t\t\t<div class=\"elementor-element elementor-element-3f0d0ea elementor-widget elementor-widget-text-editor\" data-id=\"3f0d0ea\" data-element_type=\"widget\" data-widget_type=\"text-editor.default\">\n\t\t\t\t<div class=\"elementor-widget-container\">\n\t\t\t\t\t\t\t\t\t<p><b>\u00a0<\/b><\/p><p><b>\u00a0<\/b><\/p><p><b>Nuestra Filosof\u00eda<\/b><\/p><p>Para nosotros, no se trata solo de servir comida.<strong> \u00abNuestra misi\u00f3n\u00bb<\/strong> es ofrecer experiencias que celebren la uni\u00f3n, el sabor y la alegr\u00eda de compartir. Cada detalle, desde la preparaci\u00f3n de un plato hasta la atenci\u00f3n al cliente, refleja nuestro compromiso con la excelencia y el respeto por las tradiciones que nos han llevado a donde estamos hoy.<\/p><p>Nos esforzamos por crear un ambiente que combine la calidez de un hogar con el nivel de servicio que merecen <strong>nuestros clientes.<\/strong> Este enfoque no solo nos ha ganado la preferencia de quienes nos visitan, sino tambi\u00e9n el reconocimiento como uno de los restaurantes m\u00e1s queridos de <strong>El Salvador.<\/strong><\/p>\t\t\t\t\t\t\t\t<\/div>\n\t\t\t\t<\/div>\n\t\t\t\t\t<\/div>\n\t\t<\/div>\n\t\t\t\t<div class=\"elementor-column elementor-col-50 elementor-top-column elementor-element elementor-element-bce5c22\" data-id=\"bce5c22\" data-element_type=\"column\">\n\t\t\t<div class=\"elementor-widget-wrap elementor-element-populated\">\n\t\t\t\t\t\t<div class=\"elementor-element elementor-element-6c4b6b3 elementor-widget elementor-widget-image\" data-id=\"6c4b6b3\" data-element_type=\"widget\" data-widget_type=\"image.default\">\n\t\t\t\t<div class=\"elementor-widget-container\">\n\t\t\t\t\t\t\t\t\t\t\t\t\t\t\t<img decoding=\"async\" width=\"1024\" height=\"683\" src=\"https:\/\/restauranteslapampa.com\/wp-content\/uploads\/2022\/12\/ATACO3-1024x683.jpeg\" class=\"attachment-large size-large wp-image-1943\" alt=\"\" srcset=\"https:\/\/restauranteslapampa.com\/wp-content\/uploads\/2022\/12\/ATACO3-1024x683.jpeg 1024w, https:\/\/restauranteslapampa.com\/wp-content\/uploads\/2022\/12\/ATACO3-300x200.jpeg 300w, https:\/\/restauranteslapampa.com\/wp-content\/uploads\/2022\/12\/ATACO3-768x512.jpeg 768w, https:\/\/restauranteslapampa.com\/wp-content\/uploads\/2022\/12\/ATACO3.jpeg 1280w\" sizes=\"(max-width: 1024px) 100vw, 1024px\" \/>\t\t\t\t\t\t\t\t\t\t\t\t\t\t\t<\/div>\n\t\t\t\t<\/div>\n\t\t\t\t\t<\/div>\n\t\t<\/div>\n\t\t\t\t\t<\/div>\n\t\t<\/section>\n\t\t\t\t<section class=\"elementor-section elementor-top-section elementor-element elementor-element-6124dd2 elementor-section-full_width elementor-section-height-min-height elementor-section-height-default elementor-section-items-middle\" data-id=\"6124dd2\" data-element_type=\"section\" data-settings=\"{&quot;background_background&quot;:&quot;classic&quot;}\">\n\t\t\t\t\t\t<div class=\"elementor-container elementor-column-gap-default\">\n\t\t\t\t\t<div class=\"elementor-column elementor-col-50 elementor-top-column elementor-element elementor-element-cfd911f\" data-id=\"cfd911f\" data-element_type=\"column\">\n\t\t\t<div class=\"elementor-widget-wrap elementor-element-populated\">\n\t\t\t\t\t\t<div class=\"elementor-element elementor-element-94485b2 elementor-widget-tablet__width-initial elementor-widget elementor-widget-video\" data-id=\"94485b2\" data-element_type=\"widget\" data-settings=\"{&quot;video_type&quot;:&quot;hosted&quot;,&quot;autoplay&quot;:&quot;yes&quot;,&quot;mute&quot;:&quot;yes&quot;,&quot;loop&quot;:&quot;yes&quot;,&quot;controls&quot;:&quot;yes&quot;}\" data-widget_type=\"video.default\">\n\t\t\t\t<div class=\"elementor-widget-container\">\n\t\t\t\t\t\t\t<div class=\"e-hosted-video elementor-wrapper elementor-open-inline\">\n\t\t\t\t\t<video class=\"elementor-video\" src=\"http:\/\/restauranteslapampa.com\/wp-content\/uploads\/2024\/12\/Black-and-White-Monogram-Logo-300-x-250-px-250-x-300-px-500-x-600-px-600-x-600-px.mp4\" autoplay=\"\" loop=\"\" controls=\"\" muted=\"muted\" controlsList=\"nodownload\"><\/video>\n\t\t\t\t<\/div>\n\t\t\t\t\t\t<\/div>\n\t\t\t\t<\/div>\n\t\t\t\t\t<\/div>\n\t\t<\/div>\n\t\t\t\t<div class=\"elementor-column elementor-col-50 elementor-top-column elementor-element elementor-element-45e480c\" data-id=\"45e480c\" data-element_type=\"column\">\n\t\t\t<div class=\"elementor-widget-wrap elementor-element-populated\">\n\t\t\t\t\t\t<div class=\"elementor-element elementor-element-1aa30b2 elementor-widget elementor-widget-text-editor\" data-id=\"1aa30b2\" data-element_type=\"widget\" data-widget_type=\"text-editor.default\">\n\t\t\t\t<div class=\"elementor-widget-container\">\n\t\t\t\t\t\t\t\t\t<p><strong>Nuestro Equipo<\/strong><\/p><p>Nada de esto ser\u00eda posible sin el esfuerzo y dedicaci\u00f3n de nuestro equipo. Cada miembro de <strong>La Pampa<\/strong>, desde los chefs hasta el personal de atenci\u00f3n, comparte el compromiso de ofrecer lo mejor en cada interacci\u00f3n. Su pasi\u00f3n y profesionalismo garantizan que cada visita sea especial, convirtiendo cada comida en una experiencia memorable<\/p><p><strong>Mirando al Futuro<\/strong><\/p><p>Gracias a la preferencia de nuestros clientes, seguimos innovando para superar expectativas. Nuestro objetivo es expandirnos sin perder la esencia que nos define:<strong> la tradici\u00f3n<\/strong>, <strong>la calidad<\/strong> y l<strong>a pasi\u00f3n por la buena comida.<\/strong> Queremos continuar siendo parte de los momentos m\u00e1s importantes de nuestros clientes, brindando siempre lo mejor de nosotros.<\/p><p>En<strong> La Pampa<\/strong>, cada visita es una invitaci\u00f3n a disfrutar, compartir y celebrar. Te esperamos con los brazos abiertos para que formes parte de nuestra historia.<\/p>\t\t\t\t\t\t\t\t<\/div>\n\t\t\t\t<\/div>\n\t\t\t\t\t<\/div>\n\t\t<\/div>\n\t\t\t\t\t<\/div>\n\t\t<\/section>\n\t\t\t\t<\/div>\n\t\t","protected":false},"excerpt":{"rendered":"<p>Desde 1987, La Pampa ha sido sin\u00f3nimo de excelencia culinaria [&hellip;]<\/p>\n","protected":false},"author":3,"featured_media":0,"parent":0,"menu_order":0,"comment_status":"closed","ping_status":"closed","template":"elementor_header_footer","meta":{"footnotes":""},"class_list":["post-2572","page","type-page","status-publish","hentry"],"_links":{"self":[{"href":"https:\/\/restauranteslapampa.com\/index.php\/wp-json\/wp\/v2\/pages\/2572","targetHints":{"allow":["GET"]}}],"collection":[{"href":"https:\/\/restauranteslapampa.com\/index.php\/wp-json\/wp\/v2\/pages"}],"about":[{"href":"https:\/\/restauranteslapampa.com\/index.php\/wp-json\/wp\/v2\/types\/page"}],"author":[{"embeddable":true,"href":"https:\/\/restauranteslapampa.com\/index.php\/wp-json\/wp\/v2\/users\/3"}],"replies":[{"embeddable":true,"href":"https:\/\/restauranteslapampa.com\/index.php\/wp-json\/wp\/v2\/comments?post=2572"}],"version-history":[{"count":253,"href":"https:\/\/restauranteslapampa.com\/index.php\/wp-json\/wp\/v2\/pages\/2572\/revisions"}],"predecessor-version":[{"id":3090,"href":"https:\/\/restauranteslapampa.com\/index.php\/wp-json\/wp\/v2\/pages\/2572\/revisions\/3090"}],"wp:attachment":[{"href":"https:\/\/restauranteslapampa.com\/index.php\/wp-json\/wp\/v2\/media?parent=2572"}],"curies":[{"name":"wp","href":"https:\/\/api.w.org\/{rel}","templated":true}]}}